{"id":429,"date":"2019-09-21T13:08:33","date_gmt":"2019-09-21T13:08:33","guid":{"rendered":"https:\/\/acs-osteo.de\/?page_id=429"},"modified":"2019-09-21T13:18:21","modified_gmt":"2019-09-21T13:18:21","slug":"konzept-angebot-gewichtsreduktion","status":"publish","type":"page","link":"https:\/\/acs-osteo.de\/?page_id=429","title":{"rendered":"Konzept-Angebot Gewichtsreduktion"},"content":{"rendered":"<div class=\"fusion-fullwidth fullwidth-box fusion-builder-row-1 nonhundred-percent-fullwidth non-hundred-percent-height-scrolling\" style=\"background-color: rgba(255,255,255,0);background-position: center center;background-repeat: no-repeat;padding-top:30px;padding-right:30px;padding-bottom:10px;padding-left:30px;margin-bottom: 0px;margin-top: 0px;border-width: 0px 0px 0px 0px;border-color:#eae9e9;border-style:solid;\" ><div class=\"fusion-builder-row fusion-row\"><div class=\"fusion-layout-column fusion_builder_column fusion-builder-column-0 fusion_builder_column_1_5 1_5 fusion-one-fifth fusion-column-first\" style=\"width:20%;width:calc(20% - ( ( 4% ) * 0.2 ) );margin-right: 4%;margin-top:0px;margin-bottom:20px;\"><div class=\"fusion-column-wrapper fusion-flex-column-wrapper-legacy\" style=\"background-position:left top;background-repeat:no-repeat;-webkit-background-size:cover;-moz-background-size:cover;-o-background-size:cover;background-size:cover;padding: 55px 0px 20px 0px;\"><div class=\"fusion-clearfix\"><\/div><\/div><\/div><div class=\"fusion-layout-column fusion_builder_column fusion-builder-column-1 fusion_builder_column_4_5 4_5 fusion-four-fifth fusion-column-last\" style=\"width:80%;width:calc(80% - ( ( 4% ) * 0.8 ) );margin-top:0px;margin-bottom:20px;\"><div class=\"fusion-column-wrapper fusion-flex-column-wrapper-legacy\" style=\"background-position:left top;background-repeat:no-repeat;-webkit-background-size:cover;-moz-background-size:cover;-o-background-size:cover;background-size:cover;padding: 0px 0px 0px 0px;\"><style type=\"text\/css\"><\/style><div class=\"fusion-title title fusion-title-1 fusion-sep-none fusion-title-text fusion-title-size-one\" style=\"margin-top:0px;margin-right:0px;margin-bottom:21px;margin-left:0px;\"><h1 class=\"title-heading-left\" style=\"margin:0;\"><h2><strong>Nachhaltiger abnehmen durch Hypnose<\/strong><\/h2><\/h1><\/div><div class=\"fusion-sep-clear\"><\/div><div class=\"fusion-separator fusion-full-width-sep\" style=\"margin-left: auto;margin-right: auto;margin-bottom:20px;width:100%;\"><div class=\"fusion-separator-border sep-single sep-solid\" style=\"border-color:#2b3a7d;border-top-width:2px;\"><\/div><\/div><div class=\"fusion-sep-clear\"><\/div><div class=\"fusion-text fusion-text-1\"><p>Liebe Interessentinnen und Interessenten,<\/p>\n<p>in meinem Hypnosetherapiekonzept zur Gewichtsreduktion biete ich Ihnen meine Unterst\u00fctzung f\u00fcr einen nachhaltigen Erfolg bei Ihrem Di\u00e4t-Konzept an.<\/p>\n<p><strong><u>Das Gewichtsreduktions-Paket<\/u><\/strong><\/p>\n<p>beinhaltet 2 Termine.<\/p>\n<p>Der Erste Termin dauert ca. 2 Stunden (Kennenlernen, Erstellung einer ausf\u00fchrlichen Anamnese, Beginn mit den ersten Hypnosetechniken zur Blockadenl\u00f6sung und Gewichtsreduktion).<\/p>\n<p>Die zweite Sitzung dauert etwa eine Stunde und beinhaltet, zus\u00e4tzlich zur Vertiefung\/Wiederholung der Gewichtsreduktionshypnose eine Hypnoseanwendung mit dem Ziel \u201eSteigerung der Motivation\u201c.<\/p>\n<p>Die Kosten f\u00fcr das 3-Stunden-Paket betragen 270,- \u20ac<\/p>\n<p><strong><u>Mein Hypnosetherapiekonzept zur Gewichtsreduktion PLUS<\/u><\/strong><\/p>\n<p>(F\u00fcr Klienten, deren Abnahmeziel deutlich \u00fcber 10 Kg liegt)<\/p>\n<p>Hierzu begleite ich Sie in Ihrem Abnehmprozess \u00fcber mindestens ein Viertel Jahr.<\/p>\n<p>Das komplette 3-Monats-Konzept beinhaltet:<\/p>\n<ul>\n<li>ein Vorgespr\u00e4ch (Dies ist u. a. erforderlich zur Abkl\u00e4rung der medizinischen und pers\u00f6nlichen Grundvoraussetzungen, desAbnehmziels, sowie zur erforderlichen Dokumentation)<\/li>\n<li>Beratung\/Hilfestellung zur Erstellung eines Di\u00e4ttagebuches<\/li>\n<li>7 Hypnosesitzungen von mindestens je 45-60 Minuten Dauer zur Festigung (W\u00f6chentliche Sitzung im 1. Monat; zweiw\u00f6chige Sitzungim 2. Monat; 1 Abschlusssitzung im 3. Monat)<\/li>\n<\/ul>\n<p>Die Inhalte der Sitzungen werden Individuell an Sie und ihr aktuelles Thema (Motivation, Blockadenl\u00f6sung, \u201eAnkerung\u201c \u2026) angepasst.<\/p>\n<ul>\n<li>Ein Zwischenres\u00fcmee nach 3-4 Sitzungen u. a. zum Abgleich dervorliegenden Ergebnisse.<\/li>\n<\/ul>\n<p>Die Kosten f\u00fcr das <strong>PLUS<\/strong>-Paket liegen bei 720.- \u20ac<\/p>\n<p>Zielgruppe sind jeweils Personen, die nachhaltig Gewicht reduzieren wollen und sich bei Ihrem Di\u00e4tkonzept Unterst\u00fctzung w\u00fcnschen.<\/p>\n<p>Thema der Hypnosesitzungen ist dabei die Unterst\u00fctzung des Unterbewusstseins in den Bereichen<\/p>\n<ul>\n<li>Schnellere S\u00e4ttigung<\/li>\n<li>Widerstehen von Dickmachern<\/li>\n<li>Mehr Willensst\u00e4rke<\/li>\n<li>Nachhaltige Ver\u00e4nderung des Ess- und Trinkverhaltens<\/li>\n<\/ul>\n<p>F\u00fcr weitere Informationen oder zur Terminvereinbarung wenden Sie sich gerne direkt an mich.<\/p>\n<\/div><div class=\"fusion-clearfix\"><\/div><\/div><\/div><\/div><\/div>\n","protected":false},"excerpt":{"rendered":"","protected":false},"author":1,"featured_media":0,"parent":0,"menu_order":0,"comment_status":"closed","ping_status":"closed","template":"100-width.php","meta":{"footnotes":""},"class_list":["post-429","page","type-page","status-publish","hentry"],"aioseo_notices":[],"_links":{"self":[{"href":"https:\/\/acs-osteo.de\/index.php?rest_route=\/wp\/v2\/pages\/429","targetHints":{"allow":["GET"]}}],"collection":[{"href":"https:\/\/acs-osteo.de\/index.php?rest_route=\/wp\/v2\/pages"}],"about":[{"href":"https:\/\/acs-osteo.de\/index.php?rest_route=\/wp\/v2\/types\/page"}],"author":[{"embeddable":true,"href":"https:\/\/acs-osteo.de\/index.php?rest_route=\/wp\/v2\/users\/1"}],"replies":[{"embeddable":true,"href":"https:\/\/acs-osteo.de\/index.php?rest_route=%2Fwp%2Fv2%2Fcomments&post=429"}],"version-history":[{"count":5,"href":"https:\/\/acs-osteo.de\/index.php?rest_route=\/wp\/v2\/pages\/429\/revisions"}],"predecessor-version":[{"id":435,"href":"https:\/\/acs-osteo.de\/index.php?rest_route=\/wp\/v2\/pages\/429\/revisions\/435"}],"wp:attachment":[{"href":"https:\/\/acs-osteo.de\/index.php?rest_route=%2Fwp%2Fv2%2Fmedia&parent=429"}],"curies":[{"name":"wp","href":"https:\/\/api.w.org\/{rel}","templated":true}]}}