{"id":412,"date":"2019-09-21T12:48:02","date_gmt":"2019-09-21T12:48:02","guid":{"rendered":"https:\/\/acs-osteo.de\/?page_id=412"},"modified":"2019-09-21T12:54:53","modified_gmt":"2019-09-21T12:54:53","slug":"konzept-angebot-raucherentwoehnung","status":"publish","type":"page","link":"https:\/\/acs-osteo.de\/?page_id=412","title":{"rendered":"Konzept-Angebot Raucherentw\u00f6hnung"},"content":{"rendered":"<div class=\"fusion-fullwidth fullwidth-box fusion-builder-row-1 nonhundred-percent-fullwidth non-hundred-percent-height-scrolling\" style=\"background-color: rgba(255,255,255,0);background-position: center center;background-repeat: no-repeat;padding-top:30px;padding-right:30px;padding-bottom:10px;padding-left:30px;margin-bottom: 0px;margin-top: 0px;border-width: 0px 0px 0px 0px;border-color:#eae9e9;border-style:solid;\" ><div class=\"fusion-builder-row fusion-row\"><div class=\"fusion-layout-column fusion_builder_column fusion-builder-column-0 fusion_builder_column_1_5 1_5 fusion-one-fifth fusion-column-first\" style=\"width:20%;width:calc(20% - ( ( 4% ) * 0.2 ) );margin-right: 4%;margin-top:0px;margin-bottom:20px;\"><div class=\"fusion-column-wrapper fusion-flex-column-wrapper-legacy\" style=\"background-position:left top;background-repeat:no-repeat;-webkit-background-size:cover;-moz-background-size:cover;-o-background-size:cover;background-size:cover;padding: 55px 0px 20px 0px;\"><div class=\"fusion-clearfix\"><\/div><\/div><\/div><div class=\"fusion-layout-column fusion_builder_column fusion-builder-column-1 fusion_builder_column_4_5 4_5 fusion-four-fifth fusion-column-last\" style=\"width:80%;width:calc(80% - ( ( 4% ) * 0.8 ) );margin-top:0px;margin-bottom:20px;\"><div class=\"fusion-column-wrapper fusion-flex-column-wrapper-legacy\" style=\"background-position:left top;background-repeat:no-repeat;-webkit-background-size:cover;-moz-background-size:cover;-o-background-size:cover;background-size:cover;padding: 0px 0px 0px 0px;\"><style type=\"text\/css\"><\/style><div class=\"fusion-title title fusion-title-1 fusion-sep-none fusion-title-text fusion-title-size-one\" style=\"margin-top:0px;margin-right:0px;margin-bottom:21px;margin-left:0px;\"><h1 class=\"title-heading-left\" style=\"margin:0;\"><h2><strong>Hypnose-Anwendung \u201eRaucherentw\u00f6hnung\u201c<\/strong><\/h2><\/h1><\/div><div class=\"fusion-sep-clear\"><\/div><div class=\"fusion-separator fusion-full-width-sep\" style=\"margin-left: auto;margin-right: auto;margin-bottom:20px;width:100%;\"><div class=\"fusion-separator-border sep-single sep-solid\" style=\"border-color:#2b3a7d;border-top-width:2px;\"><\/div><\/div><div class=\"fusion-sep-clear\"><\/div><div class=\"fusion-text fusion-text-1\"><p>Liebe Interessentinnen und Interessenten,<\/p>\n<p>in meinem Hypnosetherapiekonzept zur Raucherentw\u00f6hnung biete ich Ihnen meine Unterst\u00fctzung f\u00fcr einen nachhaltigen Erfolg bei <strong>Ihrem Ziel endlich Rauchfrei <\/strong>zu sein.<\/p>\n<p><strong><u>Das 2+1- Stunden- Konzept<\/u><\/strong><\/p>\n<p>beinhaltet 2 Termine.<\/p>\n<p>Der Erste Termin dauert ca. 2 Stunden (Kennenlernen, Erstellung einer ausf\u00fchrlichen Anamnese, Beginn mit den ersten Hypnosetechniken zur Blockadenl\u00f6sung und Rauchentw\u00f6hnung).<\/p>\n<p>Die zweite Sitzung dauert etwa eine Stunde und beinhaltet, zus\u00e4tzlich zur Vertiefung\/Wiederholung der Rauchentw\u00f6hnungshypnose eine Hypnosesitzung mit dem Ziel \u201eSteigerung der Motivation\u201c.<\/p>\n<p>Die Kosten f\u00fcr das 3-Stunden-Paket betragen 270,- \u20ac<\/p>\n<p>F\u00fcr weitere Informationen oder zur Terminvereinbarung wenden Sie sich gerne direkt an mich.<\/p>\n<\/div><div class=\"fusion-clearfix\"><\/div><\/div><\/div><\/div><\/div>\n","protected":false},"excerpt":{"rendered":"","protected":false},"author":1,"featured_media":0,"parent":0,"menu_order":0,"comment_status":"closed","ping_status":"closed","template":"100-width.php","meta":{"footnotes":""},"class_list":["post-412","page","type-page","status-publish","hentry"],"aioseo_notices":[],"_links":{"self":[{"href":"https:\/\/acs-osteo.de\/index.php?rest_route=\/wp\/v2\/pages\/412","targetHints":{"allow":["GET"]}}],"collection":[{"href":"https:\/\/acs-osteo.de\/index.php?rest_route=\/wp\/v2\/pages"}],"about":[{"href":"https:\/\/acs-osteo.de\/index.php?rest_route=\/wp\/v2\/types\/page"}],"author":[{"embeddable":true,"href":"https:\/\/acs-osteo.de\/index.php?rest_route=\/wp\/v2\/users\/1"}],"replies":[{"embeddable":true,"href":"https:\/\/acs-osteo.de\/index.php?rest_route=%2Fwp%2Fv2%2Fcomments&post=412"}],"version-history":[{"count":6,"href":"https:\/\/acs-osteo.de\/index.php?rest_route=\/wp\/v2\/pages\/412\/revisions"}],"predecessor-version":[{"id":419,"href":"https:\/\/acs-osteo.de\/index.php?rest_route=\/wp\/v2\/pages\/412\/revisions\/419"}],"wp:attachment":[{"href":"https:\/\/acs-osteo.de\/index.php?rest_route=%2Fwp%2Fv2%2Fmedia&parent=412"}],"curies":[{"name":"wp","href":"https:\/\/api.w.org\/{rel}","templated":true}]}}