{"id":32,"date":"2018-09-08T09:47:14","date_gmt":"2018-09-08T09:47:14","guid":{"rendered":"http:\/\/acs-osteo.de\/?page_id=32"},"modified":"2018-11-20T11:44:46","modified_gmt":"2018-11-20T11:44:46","slug":"ostheopathie","status":"publish","type":"page","link":"https:\/\/acs-osteo.de\/?page_id=32","title":{"rendered":"Ostheopathie"},"content":{"rendered":"<div class=\"fusion-fullwidth fullwidth-box fusion-builder-row-1 nonhundred-percent-fullwidth non-hundred-percent-height-scrolling\" style=\"background-color: rgba(255,255,255,0);background-position: left bottom;background-repeat: repeat-x;padding-top:30px;padding-right:30px;padding-bottom:10px;padding-left:30px;margin-bottom: 0px;margin-top: 0px;border-width: 0px 0px 0px 0px;border-color:#eae9e9;border-style:solid;\" ><div class=\"fusion-builder-row fusion-row\"><div class=\"fusion-layout-column fusion_builder_column fusion-builder-column-0 fusion_builder_column_1_3 1_3 fusion-one-third fusion-column-first\" style=\"width:33.333333333333%;width:calc(33.333333333333% - ( ( 4% ) * 0.33333333333333 ) );margin-right: 4%;margin-top:0px;margin-bottom:20px;\"><div class=\"fusion-column-wrapper fusion-flex-column-wrapper-legacy\" style=\"background-position:left top;background-repeat:no-repeat;-webkit-background-size:cover;-moz-background-size:cover;-o-background-size:cover;background-size:cover;padding: 55px 0px 0px 0px;\"><div class=\"imageframe-align-center\"><span class=\" fusion-imageframe imageframe-none imageframe-1 hover-type-zoomin\"><img decoding=\"async\" width=\"200\" height=\"200\" title=\"osteopathie_200\" src=\"http:\/\/acs-osteo.de\/wp-content\/uploads\/2018\/09\/osteopathie_200-1.png\" class=\"img-responsive wp-image-281\" srcset=\"https:\/\/acs-osteo.de\/wp-content\/uploads\/2018\/09\/osteopathie_200-1-66x66.png 66w, https:\/\/acs-osteo.de\/wp-content\/uploads\/2018\/09\/osteopathie_200-1-150x150.png 150w, https:\/\/acs-osteo.de\/wp-content\/uploads\/2018\/09\/osteopathie_200-1.png 200w\" sizes=\"(max-width: 200px) 100vw, 200px\" \/><\/span><\/div><div class=\"fusion-clearfix\"><\/div><\/div><\/div><div class=\"fusion-layout-column fusion_builder_column fusion-builder-column-1 fusion_builder_column_2_3 2_3 fusion-two-third fusion-column-last\" style=\"width:66.666666666667%;width:calc(66.666666666667% - ( ( 4% ) * 0.66666666666667 ) );margin-top:0px;margin-bottom:20px;\"><div class=\"fusion-column-wrapper fusion-flex-column-wrapper-legacy\" style=\"background-position:left top;background-repeat:no-repeat;-webkit-background-size:cover;-moz-background-size:cover;-o-background-size:cover;background-size:cover;padding: 0px 0px 0px 0px;\"><style type=\"text\/css\"><\/style><div class=\"fusion-title title fusion-title-1 fusion-sep-none fusion-title-text fusion-title-size-one\" style=\"margin-top:0px;margin-right:0px;margin-bottom:21px;margin-left:0px;\"><h1 class=\"title-heading-left\" style=\"margin:0;\"><h2 style=\"text-align: left;\"><strong>Osteopathie<\/strong><\/h2><\/h1><\/div><div class=\"fusion-sep-clear\"><\/div><div class=\"fusion-separator fusion-full-width-sep\" style=\"margin-left: auto;margin-right: auto;margin-bottom:20px;width:100%;\"><div class=\"fusion-separator-border sep-single sep-solid\" style=\"border-color:#2b3a7d;border-top-width:1px;\"><\/div><\/div><div class=\"fusion-sep-clear\"><\/div><div class=\"fusion-text fusion-text-1\"><p>Der amerikanische Arzt Andrew Taylor Still entwickelte in der zweiten H\u00e4lfte des 19. Jahrhunderts ein naturheilkundliches, medizinisches Konzept auf der Basis fundierter Kenntnisse des menschlichen K\u00f6rperbaus und der Funktionsweise der kn\u00f6chernen, muskul\u00e4ren und organischen Bestandteile darin.<\/p>\n<p>Aufgrund seines Wissens, gezielter Untersuchung und Beobachtung entwickelte Still verschiedene manuelle (mit den H\u00e4nden durchgef\u00fchrte) Techniken, um dem K\u00f6rper gezielt \u201eHilfestellung\u201c zur Selbstheilung zu geben, wenn sich eine Krankheit zeigte.<\/p>\n<p>Pl\u00f6tzlich auftretende oder auch l\u00e4nger bestehende Belastungen, Traumata oder Stressfaktoren k\u00f6nnen die Ursache daf\u00fcr sein, dass der K\u00f6rper in dieser \u201eSelbstorganisation\u201c gehemmt wird.<\/p>\n<p>Sie bilden sozusagen eine \u201eSt\u00f6rung\u201c in der flie\u00dfenden Kommunikation zwischen den verschiedenen Ebenen und unterschiedlichen Geweben.<\/p>\n<p>Je l\u00e4nger die St\u00f6rung besteht bzw. je heftiger sie den Menschen betrifft, desto mehr kann der K\u00f6rper seine M\u00f6glichkeit zur eigenen Gesunderhaltung einb\u00fc\u00dfen und wird schlie\u00dflich krank.<\/p>\n<p>Still suchte mit seinen geschulten H\u00e4nden entlang von \u201eFaszienz\u00fcgen\u201c.<\/p>\n<p>Faszien sind Bindegewebsh\u00fcllen, die im K\u00f6rper verschiedene Strukturen miteinander verbinden.<\/p>\n<p>Auch Strukturen die vielleicht funktionell nicht viel Verbindung zueinander haben k\u00f6nnen so, aus Sicht der Osteopathen, Ver\u00e4nderungen wie etwa Funktionsst\u00f6rungen auf andere Gewebe und Ebenen \u00fcbertragen.<\/p>\n<p>Dies erkl\u00e4rt, wieso die Osteopathen oft beobachten, dass die Ursache f\u00fcr eine Funktionsst\u00f6rung nicht am \u201eBeschwerdeort\u201c zu finden ist und deshalb den Patienten in seiner Gesamtheit betrachten.<\/p>\n<p>Auch wenn sich so mancher \u201eSt\u00f6rfaktor\u201c nicht ganz beseitigen l\u00e4sst, oder ein Trauma bleibende \u201eSpuren\u201c hinterlassen hat bleibt das Ziel dasselbe; die bestm\u00f6gliche Wiederherstellung der Kommunikation und \u201eHilfestellung zur bestm\u00f6glichen Gesundung\u201c<\/p>\n<p>Eine osteopathische Behandlung dauert bei mir ca. 30-60 Minuten (Die Erstbehandlung kann l\u00e4nger dauern) und kostet bei mir in der Regel zwischen 40-120\u20ac.<\/p>\n<p>Behandlungsdauer, -anzahl und Behandlungsrhythmus richten sich individuell nach der Diagnose und dem Zustand des Patienten.<\/p>\n<p>Haben Sie noch Fragen zur Osteopathie?<\/p>\n<p>Ich berate Sie gerne!<\/p>\n<\/div><div class=\"fusion-clearfix\"><\/div><\/div><\/div><\/div><\/div>\n","protected":false},"excerpt":{"rendered":"","protected":false},"author":1,"featured_media":0,"parent":0,"menu_order":0,"comment_status":"closed","ping_status":"closed","template":"","meta":{"footnotes":""},"class_list":["post-32","page","type-page","status-publish","hentry"],"aioseo_notices":[],"_links":{"self":[{"href":"https:\/\/acs-osteo.de\/index.php?rest_route=\/wp\/v2\/pages\/32","targetHints":{"allow":["GET"]}}],"collection":[{"href":"https:\/\/acs-osteo.de\/index.php?rest_route=\/wp\/v2\/pages"}],"about":[{"href":"https:\/\/acs-osteo.de\/index.php?rest_route=\/wp\/v2\/types\/page"}],"author":[{"embeddable":true,"href":"https:\/\/acs-osteo.de\/index.php?rest_route=\/wp\/v2\/users\/1"}],"replies":[{"embeddable":true,"href":"https:\/\/acs-osteo.de\/index.php?rest_route=%2Fwp%2Fv2%2Fcomments&post=32"}],"version-history":[{"count":21,"href":"https:\/\/acs-osteo.de\/index.php?rest_route=\/wp\/v2\/pages\/32\/revisions"}],"predecessor-version":[{"id":382,"href":"https:\/\/acs-osteo.de\/index.php?rest_route=\/wp\/v2\/pages\/32\/revisions\/382"}],"wp:attachment":[{"href":"https:\/\/acs-osteo.de\/index.php?rest_route=%2Fwp%2Fv2%2Fmedia&parent=32"}],"curies":[{"name":"wp","href":"https:\/\/api.w.org\/{rel}","templated":true}]}}