{"id":31,"date":"2018-09-08T09:47:14","date_gmt":"2018-09-08T09:47:14","guid":{"rendered":"http:\/\/acs-osteo.de\/?page_id=31"},"modified":"2018-09-13T10:42:56","modified_gmt":"2018-09-13T10:42:56","slug":"hypnose","status":"publish","type":"page","link":"https:\/\/acs-osteo.de\/?page_id=31","title":{"rendered":"Hypnose"},"content":{"rendered":"<div class=\"fusion-fullwidth fullwidth-box fusion-builder-row-1 nonhundred-percent-fullwidth non-hundred-percent-height-scrolling\" style=\"background-color: rgba(255,255,255,0);background-position: center center;background-repeat: no-repeat;padding-top:30px;padding-right:30px;padding-bottom:10px;padding-left:30px;margin-bottom: 0px;margin-top: 0px;border-width: 0px 0px 0px 0px;border-color:#eae9e9;border-style:solid;\" ><div class=\"fusion-builder-row fusion-row\"><div class=\"fusion-layout-column fusion_builder_column fusion-builder-column-0 fusion_builder_column_1_3 1_3 fusion-one-third fusion-column-first\" style=\"width:33.333333333333%;width:calc(33.333333333333% - ( ( 4% ) * 0.33333333333333 ) );margin-right: 4%;margin-top:0px;margin-bottom:20px;\"><div class=\"fusion-column-wrapper fusion-flex-column-wrapper-legacy\" style=\"background-position:left top;background-repeat:no-repeat;-webkit-background-size:cover;-moz-background-size:cover;-o-background-size:cover;background-size:cover;padding: 55px 0px 20px 0px;\"><div class=\"imageframe-align-center\"><span class=\" fusion-imageframe imageframe-none imageframe-1 hover-type-zoomin fusion-no-small-visibility\"><img decoding=\"async\" width=\"200\" height=\"509\" title=\"Hypnose1_200\" src=\"http:\/\/acs-osteo.de\/wp-content\/uploads\/2018\/09\/Hypnose1_200.png\" class=\"img-responsive wp-image-202\" srcset=\"https:\/\/acs-osteo.de\/wp-content\/uploads\/2018\/09\/Hypnose1_200-118x300.png 118w, https:\/\/acs-osteo.de\/wp-content\/uploads\/2018\/09\/Hypnose1_200.png 200w\" sizes=\"(max-width: 200px) 100vw, 200px\" \/><\/span><\/div><div class=\"fusion-clearfix\"><\/div><\/div><\/div><div class=\"fusion-layout-column fusion_builder_column fusion-builder-column-1 fusion_builder_column_2_3 2_3 fusion-two-third fusion-column-last\" style=\"width:66.666666666667%;width:calc(66.666666666667% - ( ( 4% ) * 0.66666666666667 ) );margin-top:0px;margin-bottom:20px;\"><div class=\"fusion-column-wrapper fusion-flex-column-wrapper-legacy\" style=\"background-position:left top;background-repeat:no-repeat;-webkit-background-size:cover;-moz-background-size:cover;-o-background-size:cover;background-size:cover;padding: 0px 0px 0px 0px;\"><style type=\"text\/css\"><\/style><div class=\"fusion-title title fusion-title-1 fusion-sep-none fusion-title-text fusion-title-size-one\" style=\"margin-top:0px;margin-right:0px;margin-bottom:21px;margin-left:0px;\"><h1 class=\"title-heading-left\" style=\"margin:0;\"><h2><strong>Hypnose<\/strong><\/h2><\/h1><\/div><div class=\"fusion-sep-clear\"><\/div><div class=\"fusion-separator fusion-full-width-sep\" style=\"margin-left: auto;margin-right: auto;margin-bottom:20px;width:100%;\"><div class=\"fusion-separator-border sep-single sep-solid\" style=\"border-color:#2b3a7d;border-top-width:1px;\"><\/div><\/div><div class=\"fusion-sep-clear\"><\/div><div class=\"fusion-text fusion-text-1\"><p>Die Hypnose als eine der \u00e4ltesten, anerkannten Heilmethoden macht sich verschiedene Trancearten und \u2013tiefen zunutze um dem Patienten bessere Zug\u00e4nglichkeit zum eigenen Unterbewusstsein und dessen Intelligenz zu erm\u00f6glichen.<\/p>\n<p><u>Die therapeutische \u201eTrance\u201c ist kein Schlaf, sondern ein \u00e4u\u00dferst klarer und bewusster Zustand, in dem der Patient zu keiner Zeit im freien Willen etwas zu tun oder zu unterlassen eingeschr\u00e4nkt ist.<\/u><\/p>\n<p>Der Hypnotiseur \u201elenkt\u201c \u00fcber seine Suggestionen (Beeinflussungen) in der Trance die Aufmerksamkeit auf einen therapeutischen \u201eBrennpunkt\u201c, der zusammen mit dem Patient festgelegt wird.<\/p>\n<p>(z.B. Essverhalten, Rauchentw\u00f6hnung, Entspannungsf\u00e4higkeit, k\u00f6rperliche und mentale St\u00f6rungen bei Stressymptomen und Ersch\u00f6pfungszust\u00e4nden,\u2026).<\/p>\n<p>Diese \u201eLenkung\u201c erm\u00f6glicht es dem Patienten oft, die pers\u00f6nlichen Ursachen seiner Beschwerden zu erkennen und sich individuellen L\u00f6sungswegen bewusst zu werden, um mit eigenen Ressourcen auch evtl. geistige\/seelische Prozesse, die immer wieder St\u00f6rungen auch auf k\u00f6rperlicher Ebene unbewusst \u201esch\u00fcren\u201c oder unterhalten, f\u00fcr sich einer positiven und nutzbaren Ver\u00e4nderung zuzuf\u00fchren.<\/p>\n<p>Durch die Tiefenentspannung bei der Hypnose kommt es au\u00dferdem zu verschiedenen komplexen, medizinisch nachweisbaren Reaktionen im K\u00f6rper wie z.B. Ver\u00e4nderungen der Blutzirkulation, des Muskellspannungszustandes, der Immunt\u00e4tigkeit\u2026<\/p>\n<p>Somit k\u00f6nnen k\u00f6rperliche Heilungsprozesse unterst\u00fctzt werden, was dem Patienten wieder mehr Freiraum und Widerstandskraft (Resilienz) verschafft.<\/p>\n<p>Deshalb sehe ich, auch im Hinblick auf den osteopathischen Leitsatz, dass der Mensch als \u201eEinheit von K\u00f6rper, Geist und Seele\u201c zu sehen ist, in der Hypnose eine tolle M\u00f6glichkeit der Therapie mit dem Ziel (allein oder als Erg\u00e4nzung zu osteopathischen Techniken) den Patienten zu st\u00e4rken.<\/p>\n<p>\u00dcbrigens kann eine Hypnosesitzung nicht nur bei akuten (k\u00f6rperlichen) Beschwerden hilfreich sein: viele Klienten nutzen die Hypnose inzwischen als eine Art mentalen \u201eFr\u00fchjahrsputz\u201c oder \u201eBlockadenl\u00f6ser\u201c, um den mit der Zeit erworbenen \u201eBallast\u201c los zu werden und mit neuer Energie weiter zu gehen.<\/p>\n<p>Sollten Sie sich f\u00fcr eine Hypnosesitzung interessieren, sprechen Sie mich bitte pers\u00f6nlich darauf an.<\/p>\n<p><u>M\u00f6gliche<\/u> <u>Kontraindikationen<\/u> (Zust\u00e4nde\/ Erkrankungen bei denen keine Hypnose angewendet werden sollte) <u>m\u00fcssen im Vorfeld abgekl\u00e4rt werden<\/u>.<\/p>\n<\/div><div class=\"fusion-clearfix\"><\/div><\/div><\/div><\/div><\/div>\n","protected":false},"excerpt":{"rendered":"","protected":false},"author":1,"featured_media":0,"parent":0,"menu_order":0,"comment_status":"closed","ping_status":"closed","template":"","meta":{"footnotes":""},"class_list":["post-31","page","type-page","status-publish","hentry"],"aioseo_notices":[],"_links":{"self":[{"href":"https:\/\/acs-osteo.de\/index.php?rest_route=\/wp\/v2\/pages\/31","targetHints":{"allow":["GET"]}}],"collection":[{"href":"https:\/\/acs-osteo.de\/index.php?rest_route=\/wp\/v2\/pages"}],"about":[{"href":"https:\/\/acs-osteo.de\/index.php?rest_route=\/wp\/v2\/types\/page"}],"author":[{"embeddable":true,"href":"https:\/\/acs-osteo.de\/index.php?rest_route=\/wp\/v2\/users\/1"}],"replies":[{"embeddable":true,"href":"https:\/\/acs-osteo.de\/index.php?rest_route=%2Fwp%2Fv2%2Fcomments&post=31"}],"version-history":[{"count":13,"href":"https:\/\/acs-osteo.de\/index.php?rest_route=\/wp\/v2\/pages\/31\/revisions"}],"predecessor-version":[{"id":330,"href":"https:\/\/acs-osteo.de\/index.php?rest_route=\/wp\/v2\/pages\/31\/revisions\/330"}],"wp:attachment":[{"href":"https:\/\/acs-osteo.de\/index.php?rest_route=%2Fwp%2Fv2%2Fmedia&parent=31"}],"curies":[{"name":"wp","href":"https:\/\/api.w.org\/{rel}","templated":true}]}}