{"id":30,"date":"2018-09-08T09:47:14","date_gmt":"2018-09-08T09:47:14","guid":{"rendered":"http:\/\/acs-osteo.de\/?page_id=30"},"modified":"2018-09-10T18:21:41","modified_gmt":"2018-09-10T18:21:41","slug":"magnetfeld-therapie","status":"publish","type":"page","link":"https:\/\/acs-osteo.de\/?page_id=30","title":{"rendered":"Magnetfeld-Therapie"},"content":{"rendered":"<div class=\"fusion-fullwidth fullwidth-box fusion-builder-row-1 nonhundred-percent-fullwidth non-hundred-percent-height-scrolling\" style=\"background-color: rgba(255,255,255,0);background-position: center center;background-repeat: no-repeat;padding-top:30px;padding-right:30px;padding-bottom:10px;padding-left:30px;margin-bottom: 0px;margin-top: 0px;border-width: 0px 0px 0px 0px;border-color:#eae9e9;border-style:solid;\" ><div class=\"fusion-builder-row fusion-row\"><div class=\"fusion-layout-column fusion_builder_column fusion-builder-column-0 fusion_builder_column_1_3 1_3 fusion-one-third fusion-column-first\" style=\"width:33.333333333333%;width:calc(33.333333333333% - ( ( 4% ) * 0.33333333333333 ) );margin-right: 4%;margin-top:0px;margin-bottom:20px;\"><div class=\"fusion-column-wrapper fusion-flex-column-wrapper-legacy\" style=\"background-position:left top;background-repeat:no-repeat;-webkit-background-size:cover;-moz-background-size:cover;-o-background-size:cover;background-size:cover;padding: 55px 0px 0px 0px;\"><div class=\"imageframe-align-center\"><span class=\" fusion-imageframe imageframe-none imageframe-1 hover-type-none\"><img decoding=\"async\" width=\"200\" height=\"200\" title=\"magnetfeld_200\" src=\"http:\/\/acs-osteo.de\/wp-content\/uploads\/2018\/09\/magnetfeld_200.png\" class=\"img-responsive wp-image-277\" srcset=\"https:\/\/acs-osteo.de\/wp-content\/uploads\/2018\/09\/magnetfeld_200-66x66.png 66w, https:\/\/acs-osteo.de\/wp-content\/uploads\/2018\/09\/magnetfeld_200-150x150.png 150w, https:\/\/acs-osteo.de\/wp-content\/uploads\/2018\/09\/magnetfeld_200.png 200w\" sizes=\"(max-width: 200px) 100vw, 200px\" \/><\/span><\/div><div class=\"fusion-clearfix\"><\/div><\/div><\/div><div class=\"fusion-layout-column fusion_builder_column fusion-builder-column-1 fusion_builder_column_2_3 2_3 fusion-two-third fusion-column-last\" style=\"width:66.666666666667%;width:calc(66.666666666667% - ( ( 4% ) * 0.66666666666667 ) );margin-top:0px;margin-bottom:20px;\"><div class=\"fusion-column-wrapper fusion-flex-column-wrapper-legacy\" style=\"background-position:left top;background-repeat:no-repeat;-webkit-background-size:cover;-moz-background-size:cover;-o-background-size:cover;background-size:cover;padding: 0px 0px 0px 0px;\"><style type=\"text\/css\"><\/style><div class=\"fusion-title title fusion-title-1 fusion-sep-none fusion-title-text fusion-title-size-one\" style=\"margin-top:0px;margin-right:0px;margin-bottom:21px;margin-left:0px;\"><h1 class=\"title-heading-left\" style=\"margin:0;\"><h2><strong>Magnetfeld- Anwendung<\/strong><\/h2><\/h1><\/div><div class=\"fusion-sep-clear\"><\/div><div class=\"fusion-separator fusion-full-width-sep\" style=\"margin-left: auto;margin-right: auto;margin-bottom:20px;width:100%;\"><div class=\"fusion-separator-border sep-single sep-solid\" style=\"border-color:#2b3a7d;border-top-width:1px;\"><\/div><\/div><div class=\"fusion-sep-clear\"><\/div><div class=\"fusion-text fusion-text-1\"><p>Bei der Magnetfeldanwendung, auch Magnetfeldtherapie<\/p>\n<p>wird der Patient bzw. sein zu behandelndes K\u00f6rperteil auf einer speziellen Matte oder in einer speziellen \u201eSpule\u201c gelagert.<\/p>\n<p>Das an die Spule oder Matte angeschlossene Magnetfeldger\u00e4t generiert dann ein Magnetfeld, welches mit den Kraftfeldern der Zellmembranen des K\u00f6rpers kommunizieren soll.<\/p>\n<p>Bei der Magnetfeldtherapie wird davon ausgegangen, dass<\/p>\n<p>Die Spannung der Zellmembran und das Eigen-Schwingverhalten der Zellen und Zellverb\u00e4nde (z.B. Organe) sich beim gesunden K\u00f6rper zum Kranken so unterscheidet, dass die Eigenschwingung im erkrankten Bereich zunehmend erstarrt und somit wichtige Stoffwechselprozesse behindert werden.<\/p>\n<p>Die elektromagnetischen Kraftfelder des Ger\u00e4tes sollen \u00fcber die Spule\/Matte\u00a0 die Zellen erreichen und diese \u00fcber die Einwirkung auf die elektrische Ladung zur \u201eWiederaufnahme\u201c der Eigenschwingung animieren.<\/p>\n<p>Die Magnetfeldtherapie empfiehlt sich vor allem unterst\u00fctzend bei Beschwerden, die von besserem Stoffwechsel profitieren.<\/p>\n<p>Auch, wenn Die Magnetfeldtherapie zu den wenig sp\u00fcrbaren- also eher angenehmen Anwendungen z\u00e4hlt, kann es zu einer Erstverschlimmerung der Anfangsbeschwerden kommen. Bei besonders sensiblen Anwendern wird gelegentlich ein \u201eKribbel-\u201e oder \u201eW\u00e4rmegef\u00fchl\u201c bemerkt.<\/p>\n<p>Gegenanzeigen, wie z.B. das Vorhandensein eines Herzschrittmachers oder einer Insulinpumpe, Schwangerschaft, Fieber oder Schilddr\u00fcsen\u00fcberfunktion sind im Vorfeld abzukl\u00e4ren.<\/p>\n<p>Sollten Sie Fragen zur Magnetfeldanwendung haben berate ich Sie gerne!<\/p>\n<\/div><div class=\"fusion-clearfix\"><\/div><\/div><\/div><\/div><\/div>\n","protected":false},"excerpt":{"rendered":"","protected":false},"author":1,"featured_media":0,"parent":0,"menu_order":0,"comment_status":"closed","ping_status":"closed","template":"","meta":{"footnotes":""},"class_list":["post-30","page","type-page","status-publish","hentry"],"aioseo_notices":[],"_links":{"self":[{"href":"https:\/\/acs-osteo.de\/index.php?rest_route=\/wp\/v2\/pages\/30","targetHints":{"allow":["GET"]}}],"collection":[{"href":"https:\/\/acs-osteo.de\/index.php?rest_route=\/wp\/v2\/pages"}],"about":[{"href":"https:\/\/acs-osteo.de\/index.php?rest_route=\/wp\/v2\/types\/page"}],"author":[{"embeddable":true,"href":"https:\/\/acs-osteo.de\/index.php?rest_route=\/wp\/v2\/users\/1"}],"replies":[{"embeddable":true,"href":"https:\/\/acs-osteo.de\/index.php?rest_route=%2Fwp%2Fv2%2Fcomments&post=30"}],"version-history":[{"count":5,"href":"https:\/\/acs-osteo.de\/index.php?rest_route=\/wp\/v2\/pages\/30\/revisions"}],"predecessor-version":[{"id":278,"href":"https:\/\/acs-osteo.de\/index.php?rest_route=\/wp\/v2\/pages\/30\/revisions\/278"}],"wp:attachment":[{"href":"https:\/\/acs-osteo.de\/index.php?rest_route=%2Fwp%2Fv2%2Fmedia&parent=30"}],"curies":[{"name":"wp","href":"https:\/\/api.w.org\/{rel}","templated":true}]}}