{"id":27,"date":"2018-09-08T09:47:13","date_gmt":"2018-09-08T09:47:13","guid":{"rendered":"http:\/\/acs-osteo.de\/?page_id=27"},"modified":"2018-11-20T11:47:35","modified_gmt":"2018-11-20T11:47:35","slug":"bcr","status":"publish","type":"page","link":"https:\/\/acs-osteo.de\/?page_id=27","title":{"rendered":"Mikrostrom-Therapie (BCR)"},"content":{"rendered":"<div class=\"fusion-fullwidth fullwidth-box fusion-builder-row-1 nonhundred-percent-fullwidth non-hundred-percent-height-scrolling\" style=\"background-color: rgba(255,255,255,0);background-position: center center;background-repeat: no-repeat;padding-top:30px;padding-right:30px;padding-bottom:10px;padding-left:30px;margin-bottom: 0px;margin-top: 0px;border-width: 0px 0px 0px 0px;border-color:#eae9e9;border-style:solid;\" ><div class=\"fusion-builder-row fusion-row\"><div class=\"fusion-layout-column fusion_builder_column fusion-builder-column-0 fusion_builder_column_1_3 1_3 fusion-one-third fusion-column-first\" style=\"width:33.333333333333%;width:calc(33.333333333333% - ( ( 4% ) * 0.33333333333333 ) );margin-right: 4%;margin-top:0px;margin-bottom:20px;\"><div class=\"fusion-column-wrapper fusion-flex-column-wrapper-legacy\" style=\"background-position:left top;background-repeat:no-repeat;-webkit-background-size:cover;-moz-background-size:cover;-o-background-size:cover;background-size:cover;padding: 55px 0px 0px 0px;\"><div class=\"imageframe-align-center\"><span class=\" fusion-imageframe imageframe-none imageframe-1 hover-type-zoomin\"><img decoding=\"async\" width=\"200\" height=\"200\" title=\"bcr_200\" src=\"http:\/\/acs-osteo.de\/wp-content\/uploads\/2018\/09\/bcr_200.png\" class=\"img-responsive wp-image-279\" srcset=\"https:\/\/acs-osteo.de\/wp-content\/uploads\/2018\/09\/bcr_200-66x66.png 66w, https:\/\/acs-osteo.de\/wp-content\/uploads\/2018\/09\/bcr_200-150x150.png 150w, https:\/\/acs-osteo.de\/wp-content\/uploads\/2018\/09\/bcr_200.png 200w\" sizes=\"(max-width: 200px) 100vw, 200px\" \/><\/span><\/div><div class=\"fusion-clearfix\"><\/div><\/div><\/div><div class=\"fusion-layout-column fusion_builder_column fusion-builder-column-1 fusion_builder_column_2_3 2_3 fusion-two-third fusion-column-last\" style=\"width:66.666666666667%;width:calc(66.666666666667% - ( ( 4% ) * 0.66666666666667 ) );margin-top:0px;margin-bottom:20px;\"><div class=\"fusion-column-wrapper fusion-flex-column-wrapper-legacy\" style=\"background-position:left top;background-repeat:no-repeat;-webkit-background-size:cover;-moz-background-size:cover;-o-background-size:cover;background-size:cover;padding: 0px 0px 0px 0px;\"><style type=\"text\/css\"><\/style><div class=\"fusion-title title fusion-title-1 fusion-sep-none fusion-title-text fusion-title-size-one\" style=\"margin-top:0px;margin-right:0px;margin-bottom:21px;margin-left:0px;\"><h1 class=\"title-heading-left\" style=\"margin:0;\"><h2><strong>Mikrostromtherapie &#8211; <\/strong><strong>BCR <\/strong><\/h2>\n<h2><strong>\u00a0<\/strong><\/h2><\/h1><\/div><div class=\"fusion-sep-clear\"><\/div><div class=\"fusion-separator fusion-full-width-sep\" style=\"margin-left: auto;margin-right: auto;margin-bottom:20px;width:100%;\"><div class=\"fusion-separator-border sep-single sep-solid\" style=\"border-color:#2b3a7d;border-top-width:1px;\"><\/div><\/div><div class=\"fusion-sep-clear\"><\/div><div class=\"fusion-text fusion-text-1\"><p>Die BCR-Therapie = biological cell regulation oder Biologische Zell- Regeneration<\/p>\n<p>ist eine spezielle Art der Elektrotherapie.<\/p>\n<p><u>Therapieablauf &amp; Wirkungsweise<\/u><\/p>\n<p>Die Energie in Zellen, Lymphbahnen und Blutkreislauf, die wir unserem K\u00f6rper zuf\u00fchren, wird von unserem Gewebe t\u00e4glich dazu genutzt und gebraucht, um Zellerneuerung zu betreiben.<\/p>\n<p>Besonders wichtig ist die Zellerneuerung bei erkranktem oder verletztem Gewebe (chronisch oder akut). Es braucht also mehr \u201eEnergie\u201c als gesundes Gewebe.<\/p>\n<p>Da der Strom-\/Energiefluss aber immer den \u201eWeg des geringsten Widerstandes\u201c nimmt, flie\u00dft der k\u00f6rpereigene Energiestrom lieber um \u201edefektes\u201c Gewebe herum.<\/p>\n<p>Hier setzt die Mikrostromtherapie der BCR an.<\/p>\n<p>Die BCR- therapie wird mittels Elektroden so angebracht, dass die Mikrostromimpulse, welche unseren k\u00f6rpereigenen Stromfluss nachahmen, direkt <u>in<\/u> das St\u00f6rfeld geleitet werden und dort zun\u00e4chst das erkrankte Gewebe wieder besser mit Energie versorgen und auch f\u00fcr den K\u00f6rper selbst versorgbarer machen sollen.<\/p>\n<p>Die Stromimpulse sind dem k\u00f6rpereigenen Strom nachempfunden und daher in der Regel nur schwach bis nicht wahrnehmbar. Dadurch soll eine m\u00f6gliche Abwehrhaltung des K\u00f6rpers gegen einen zu starken Impuls und somit eine \u201eAbschottung\u201c des Gewebes gegen die Anwendung vermieden werden.<\/p>\n<p>Heilungsprozesse im erkrankten\/verletzten Gewebe sollen so beg\u00fcnstigt, beschleunigt und unterst\u00fctzt werden, da sowohl der Lymphfluss und die Durchblutung, als auch die lokale Immunleistung dadurch positiv beeinflusst werden k\u00f6nnen.<\/p>\n<p>Ziel ist es den K\u00f6rper im Heilungsprozess zu unterst\u00fctzen, und wieder eine m\u00f6glichst gute Energiebereitstellung f\u00fcr die Zellen zu erm\u00f6glichen.<\/p>\n<p>Je nach Erkrankung richten sich dann die Behandlungsdauer und \u2013h\u00e4ufigkeit.<\/p>\n<p>Sollte es f\u00fcr den Behandlungsverlauf w\u00fcnschenswert sein, kann- nach Einweisung- auch ein mobiles BCR-Kleinger\u00e4t f\u00fcr die selbst\u00e4ndige Fortf\u00fchrung der Therapie zu Hause ausgeliehen werden.<\/p>\n<p>Wenn Sie noch Fragen zur BCR-Therapie haben, nehmen Sie gerne Kontakt zu mir auf.<\/p>\n<p>Ich freue mich auf Sie!<\/p>\n<\/div><div class=\"fusion-clearfix\"><\/div><\/div><\/div><\/div><\/div>\n","protected":false},"excerpt":{"rendered":"","protected":false},"author":1,"featured_media":0,"parent":0,"menu_order":0,"comment_status":"closed","ping_status":"closed","template":"","meta":{"footnotes":""},"class_list":["post-27","page","type-page","status-publish","hentry"],"aioseo_notices":[],"_links":{"self":[{"href":"https:\/\/acs-osteo.de\/index.php?rest_route=\/wp\/v2\/pages\/27","targetHints":{"allow":["GET"]}}],"collection":[{"href":"https:\/\/acs-osteo.de\/index.php?rest_route=\/wp\/v2\/pages"}],"about":[{"href":"https:\/\/acs-osteo.de\/index.php?rest_route=\/wp\/v2\/types\/page"}],"author":[{"embeddable":true,"href":"https:\/\/acs-osteo.de\/index.php?rest_route=\/wp\/v2\/users\/1"}],"replies":[{"embeddable":true,"href":"https:\/\/acs-osteo.de\/index.php?rest_route=%2Fwp%2Fv2%2Fcomments&post=27"}],"version-history":[{"count":13,"href":"https:\/\/acs-osteo.de\/index.php?rest_route=\/wp\/v2\/pages\/27\/revisions"}],"predecessor-version":[{"id":383,"href":"https:\/\/acs-osteo.de\/index.php?rest_route=\/wp\/v2\/pages\/27\/revisions\/383"}],"wp:attachment":[{"href":"https:\/\/acs-osteo.de\/index.php?rest_route=%2Fwp%2Fv2%2Fmedia&parent=27"}],"curies":[{"name":"wp","href":"https:\/\/api.w.org\/{rel}","templated":true}]}}